{"id":11759,"date":"2025-05-07T11:48:01","date_gmt":"2025-05-07T09:48:01","guid":{"rendered":"https:\/\/france.dev-xefi.manitoba-preprod.fr\/mentions-legales-en\/"},"modified":"2025-09-03T18:03:09","modified_gmt":"2025-09-03T16:03:09","slug":"mentions-legales-en","status":"publish","type":"page","link":"https:\/\/france.dev-xefi.manitoba-preprod.fr\/en\/mentions-legales-en\/","title":{"rendered":"Mentions l\u00e9gales EN"},"content":{"rendered":"\n<div class=\"wp-block-group alignfull is-layout-constrained wp-container-core-group-is-layout-a47e864c wp-block-group-is-layout-constrained\" style=\"padding-top:var(--wp--preset--spacing--80);padding-right:var(--wp--preset--spacing--50);padding-bottom:var(--wp--preset--spacing--80);padding-left:var(--wp--preset--spacing--50)\">\n<div class=\"wp-block-group is-layout-constrained wp-container-core-group-is-layout-bea02a06 wp-block-group-is-layout-constrained\">\n<h2 class=\"wp-block-heading\"><strong>Editeur<\/strong><strong> :<\/strong><\/h2>\n\n\n\n<p>Le site dev-xefi.manitoba-preprod.fr (ci-apr\u00e8s le \u00ab <strong>Site<\/strong> \u00bb) que vous consultez actuellement est la propri\u00e9t\u00e9 de :<br\/>La soci\u00e9t\u00e9 par actions simplifi\u00e9e HOLDING GALAXITY ;<br\/>Au capital de 736.340 euros ;<br\/>Situ\u00e9e 2507 Avenue de l\u2019Europe, 69140 Rillieux-la-Pape ;<br\/>Immatricul\u00e9e au RCS de Lyon sous le num\u00e9ro RCS 433 902 640<br\/>TVA intracommunautaire : FR FR39433902640<br\/>T\u00e9l : 04 72 83 75 75<br\/>Adresse e-mail : contact@xefi.fr<br\/>(Ci-apr\u00e8s la \u00ab <strong>Soci\u00e9t\u00e9<\/strong> \u00bb)<\/p>\n\n\n\n<h2 class=\"wp-block-heading\"><strong>Directeur de la publication :<\/strong><\/h2>\n\n\n\n<p>Monsieur Pierre GUILLERMET<\/p>\n\n\n\n<h2 class=\"wp-block-heading\"><strong>H\u00e9bergement :<\/strong><\/h2>\n\n\n\n<p>Le Site est h\u00e9berg\u00e9 par :<br\/>La soci\u00e9t\u00e9 par actions simplifi\u00e9e <strong>NEXEREN<\/strong> (RCS 753 351 709) ;<br\/>Dont le si\u00e8ge social est situ\u00e9 2507, Avenue de l\u2019Europe, 69140 RILLIEUX-LA-PAPE ;<br\/>Site internet : T\u00e9l : 04 72 83 75 75<\/p>\n\n\n\n<h2 class=\"wp-block-heading\"><strong>Droit de propri\u00e9t\u00e9 intellectuelle<\/strong><\/h2>\n\n\n\n<p>L\u2019utilisateur est inform\u00e9 que les photographies pr\u00e9sentes sur le Site ne sont pas contractuelles.<\/p>\n\n\n\n<p>Les textes, logotypes, photographies, images et illustrations reproduites sur le Site sont la propri\u00e9t\u00e9 exclusive de la Soci\u00e9t\u00e9 et\/ou sont libres de droit.<\/p>\n\n\n\n<p>Par cons\u00e9quent, la navigation par l\u2019utilisateur sur le Site ne lui conf\u00e8re aucun droit de propri\u00e9t\u00e9 sur ces \u00e9l\u00e9ments.<\/p>\n\n\n\n<p>En cons\u00e9quence, toute reproduction, repr\u00e9sentation, utilisation ou adaptation partielle ou totale, sous quelque forme que ce soit, de tout ou partie de l\u2019un ou plusieurs de ces \u00e9l\u00e9ments est constitutif d\u2019un acte de contrefa\u00e7on sanctionn\u00e9 par le code de la propri\u00e9t\u00e9 intellectuelle.<\/p>\n\n\n\n<p>Toutes marques verbale ou figurative et tout autre signe distinctif de la Soci\u00e9t\u00e9 qui figurent sur le Site, qu\u2019ils soient d\u00e9pos\u00e9s ou non, sont et demeureront la propri\u00e9t\u00e9 exclusive de la Soci\u00e9t\u00e9.<\/p>\n\n\n\n<p>Toute reproduction totale ou partielle, modification ou utilisation de ces marques et\/ou de ces signes distinctifs pour quelque motif et sur quelque support que ce soit, sans accord expr\u00e8s et pr\u00e9alable de la Soci\u00e9t\u00e9 est strictement interdite.<\/p>\n\n\n\n<p>Il en est de m\u00eame de toute combinaison ou conjonction avec toute autre marque, symbole, logo et plus g\u00e9n\u00e9ralement tout signe distinctif destin\u00e9 \u00e0 former un logo composite.<\/p>\n\n\n\n<h2 class=\"wp-block-heading\"><strong>Liens hypertexte<\/strong><\/h2>\n\n\n\n<p>Toute cr\u00e9ation de lien hypertexte pointant vers le Site est libre.<\/p>\n\n\n\n<p>L\u2019existence d\u2019un lien hypertexte du Site renvoyant vers un autre site ne constitue pas une validation de ce site ou de son contenu, la Soci\u00e9t\u00e9 ne peut exercer de contr\u00f4le sur le contenu de ces sites et sa responsabilit\u00e9 ne saurait \u00eatre engag\u00e9e quant aux informations, opinions et recommandations formul\u00e9es par des tiers sur ces sites.<\/p>\n<\/div>\n<\/div>\n","protected":false},"excerpt":{"rendered":"<p>Editeur : Le site dev-xefi.manitoba-preprod.fr (ci-apr\u00e8s le \u00ab Site \u00bb) que vous consultez actuellement est la propri\u00e9t\u00e9 de :La soci\u00e9t\u00e9 par actions simplifi\u00e9e HOLDING GALAXITY ;Au capital de 736.340 euros ;Situ\u00e9e 2507 Avenue de l\u2019Europe, 69140 Rillieux-la-Pape ;Immatricul\u00e9e au RCS de Lyon sous le num\u00e9ro RCS 433 902 640TVA intracommunautaire : FR FR39433902640T\u00e9l : 04 [&hellip;]<\/p>\n","protected":false},"author":1,"featured_media":0,"parent":0,"menu_order":66,"comment_status":"closed","ping_status":"closed","template":"","meta":{"_acf_changed":false,"footnotes":""},"class_list":["post-11759","page","type-page","status-publish","hentry","page_location-liens-footer"],"acf":[],"_links":{"self":[{"href":"https:\/\/france.dev-xefi.manitoba-preprod.fr\/en\/wp-json\/wp\/v2\/pages\/11759","targetHints":{"allow":["GET"]}}],"collection":[{"href":"https:\/\/france.dev-xefi.manitoba-preprod.fr\/en\/wp-json\/wp\/v2\/pages"}],"about":[{"href":"https:\/\/france.dev-xefi.manitoba-preprod.fr\/en\/wp-json\/wp\/v2\/types\/page"}],"author":[{"embeddable":true,"href":"https:\/\/france.dev-xefi.manitoba-preprod.fr\/en\/wp-json\/wp\/v2\/users\/1"}],"replies":[{"embeddable":true,"href":"https:\/\/france.dev-xefi.manitoba-preprod.fr\/en\/wp-json\/wp\/v2\/comments?post=11759"}],"version-history":[{"count":1,"href":"https:\/\/france.dev-xefi.manitoba-preprod.fr\/en\/wp-json\/wp\/v2\/pages\/11759\/revisions"}],"predecessor-version":[{"id":11760,"href":"https:\/\/france.dev-xefi.manitoba-preprod.fr\/en\/wp-json\/wp\/v2\/pages\/11759\/revisions\/11760"}],"wp:attachment":[{"href":"https:\/\/france.dev-xefi.manitoba-preprod.fr\/en\/wp-json\/wp\/v2\/media?parent=11759"}],"curies":[{"name":"wp","href":"https:\/\/api.w.org\/{rel}","templated":true}]}}