{"id":11815,"date":"2025-06-24T11:22:11","date_gmt":"2025-06-24T09:22:11","guid":{"rendered":"https:\/\/france.dev-xefi.manitoba-preprod.fr\/decouvrir-xefi-en\/a-propos-de-nous-en\/contacter-le-groupe-en\/"},"modified":"2025-09-05T11:56:12","modified_gmt":"2025-09-05T09:56:12","slug":"contacter-le-groupe-en","status":"publish","type":"page","link":"https:\/\/france.dev-xefi.manitoba-preprod.fr\/en\/decouvrir-xefi-en\/a-propos-de-nous-en\/contacter-le-groupe-en\/","title":{"rendered":"Contacter le groupe EN"},"content":{"rendered":"\n<div class=\"wp-block-group alignfull is-layout-constrained wp-container-core-group-is-layout-a47e864c wp-block-group-is-layout-constrained\" style=\"padding-top:var(--wp--preset--spacing--80);padding-right:var(--wp--preset--spacing--50);padding-bottom:var(--wp--preset--spacing--80);padding-left:var(--wp--preset--spacing--50)\"><nav class=\"manitoba-intern-menu manitoba-intern-menu-cols-4 manitoba-intern-menu--hover-width wp-block-manitoba-page-location-intern-menu\" aria-label=\"Menu interne\">\n  <ul class=\"manitoba-intern-menu-grid\">\n            <li class=\"manitoba-intern-menu-grid-item\">\n                  <a href=\"https:\/\/france.dev-xefi.manitoba-preprod.fr\/fr\/decouvrir-xefi\/a-propos-de-nous\/ouvrir-une-franchise-xefi\/\" class=\"manitoba-intern-menu-item has-description\"\n         aria-labelledby=\"menu-title-0\"\n         aria-describedby=\"menu-desc-0\">\n                  <div class=\"manitoba-intern-menu-item-background\" style=\"background-image: url(https:\/\/france.dev-xefi.manitoba-preprod.fr\/wp-content\/uploads\/sites\/2\/2025\/07\/contacter-le-groupe-ouvrir-franchise-xefi-partenaire-informatique-des-tpe-pme-scaled.jpg);\" aria-hidden=\"true\"><\/div>\n          <div class=\"manitoba-intern-menu-item-overlay\">\n            <div class=\"manitoba-intern-menu-item-title-container\">\n              <h3 id=\"menu-title-0\" class=\"manitoba-intern-menu-item-title\">\n                <strong>Vous souhaitez devenir franchis\u00e9 XEFI<\/strong><\/h3>\n            <\/div>\n                        <div class=\"manitoba-intern-menu-item-description-container\">\n              <p id=\"menu-desc-0\" class=\"manitoba-intern-menu-item-description\">\n                Faites le choix de la performance et rejoignez notre r\u00e9seau !               <\/p>\n            <\/div>\n                      <\/div>\n                <\/a>\n          <\/li>\n        <li class=\"manitoba-intern-menu-grid-item\">\n                  <a href=\"https:\/\/academy.xefi.com\/\" class=\"manitoba-intern-menu-item has-description\" target=\"_blank\" rel=\"noopener noreferrer\" aria-labelledby=\"menu-title-1\" aria-describedby=\"menu-desc-1\">\n                  <div class=\"manitoba-intern-menu-item-background\" style=\"background-image: url(https:\/\/france.dev-xefi.manitoba-preprod.fr\/wp-content\/uploads\/sites\/2\/2025\/07\/contacter-le-groupe-formation-xefi-academy-ecole-it-alternance-xefi-partenaire-informatique-des-tpe-pme.png);\" aria-hidden=\"true\"><\/div>\n          <div class=\"manitoba-intern-menu-item-overlay\">\n            <div class=\"manitoba-intern-menu-item-title-container\">\n              <h3 id=\"menu-title-1\" class=\"manitoba-intern-menu-item-title\">\n                <strong>Vous cherchez une formation dans l\u2019IT<\/strong><\/h3>\n            <\/div>\n                        <div class=\"manitoba-intern-menu-item-description-container\">\n              <p id=\"menu-desc-1\" class=\"manitoba-intern-menu-item-description\">\n                Vous \u00eates passionn\u00e9s par les m\u00e9tiers du num\u00e9rique ? Int\u00e9grez notre formation en alternance au sein de la XEFI Academy !                <\/p>\n            <\/div>\n                      <\/div>\n                <\/a>\n          <\/li>\n        <li class=\"manitoba-intern-menu-grid-item\">\n                  <a href=\"https:\/\/carriere.xefi.fr\/\" class=\"manitoba-intern-menu-item has-description\" target=\"_blank\" rel=\"noopener noreferrer\" aria-labelledby=\"menu-title-2\" aria-describedby=\"menu-desc-2\">\n                  <div class=\"manitoba-intern-menu-item-background\" style=\"background-image: url(https:\/\/france.dev-xefi.manitoba-preprod.fr\/wp-content\/uploads\/sites\/2\/2025\/07\/contacter-le-groupe-carriere-travailler-chez-xefi-partenaire-informatique-des-tpe-pme-vf.png);\" aria-hidden=\"true\"><\/div>\n          <div class=\"manitoba-intern-menu-item-overlay\">\n            <div class=\"manitoba-intern-menu-item-title-container\">\n              <h3 id=\"menu-title-2\" class=\"manitoba-intern-menu-item-title\">\n                <strong>Vous souhaitez travailler chez XEFI<\/strong><\/h3>\n            <\/div>\n                        <div class=\"manitoba-intern-menu-item-description-container\">\n              <p id=\"menu-desc-2\" class=\"manitoba-intern-menu-item-description\">\n                Int\u00e9grez une entreprise ambitieuse, port\u00e9e par l&#8217;esprit d&#8217;\u00e9quipe !              <\/p>\n            <\/div>\n                      <\/div>\n                <\/a>\n          <\/li>\n        <li class=\"manitoba-intern-menu-grid-item\">\n                  <a href=\"#contact-store\" class=\"manitoba-intern-menu-item has-description\"\n         aria-labelledby=\"menu-title-3\"\n         aria-describedby=\"menu-desc-3\">\n                  <div class=\"manitoba-intern-menu-item-background\" style=\"background-image: url(https:\/\/france.dev-xefi.manitoba-preprod.fr\/wp-content\/uploads\/sites\/2\/2025\/07\/contacter-le-groupe-demande-de-devis-xefi-partenaire-informatique-des-tpe-et-pme.png);\" aria-hidden=\"true\"><\/div>\n          <div class=\"manitoba-intern-menu-item-overlay\">\n            <div class=\"manitoba-intern-menu-item-title-container\">\n              <h3 id=\"menu-title-3\" class=\"manitoba-intern-menu-item-title\">\n                <strong>Vous souhaitez faire une demande de devis<\/strong><\/h3>\n            <\/div>\n                        <div class=\"manitoba-intern-menu-item-description-container\">\n              <p id=\"menu-desc-3\" class=\"manitoba-intern-menu-item-description\">\n                Contactez-nous, nous reviendrons vers vous dans les meilleurs d\u00e9lais.              <\/p>\n            <\/div>\n                      <\/div>\n                <\/a>\n          <\/li>\n          <\/ul>\n<\/nav>\n<\/div>\n\n<div class=\"wp-block-group has-light-background-color has-background is-layout-constrained wp-container-core-group-is-layout-a47e864c wp-block-group-is-layout-constrained\" style=\"padding-top:var(--wp--preset--spacing--80);padding-right:var(--wp--preset--spacing--50);padding-bottom:var(--wp--preset--spacing--80);padding-left:var(--wp--preset--spacing--50)\">\n<h2 class=\"wp-block-heading has-text-align-center\">UNE AUTRE QUESTION ?<mark class=\"has-inline-color has-primary-color\"> CONTACTEZ-NOUS !<\/mark><\/h2>\n\n\n\n<p class=\"has-text-align-center\" style=\"margin-bottom:var(--wp--preset--spacing--80)\">Notre \u00e9quipe est \u00e0 votre \u00e9coute pour r\u00e9pondre \u00e0 toutes vos demandes. <strong>Remplissez le formulaire ci-dessous, nous reviendrons vers vous rapidement.<\/strong><\/p>\n\n\n\n<div class=\"wp-block-group is-layout-constrained wp-container-core-group-is-layout-bea02a06 wp-block-group-is-layout-constrained\">\n<div class=\"wp-block-contact-form-7-contact-form-selector\">\n<div class=\"wpcf7 no-js\" id=\"wpcf7-f11817-o1\" lang=\"en-GB\" dir=\"ltr\" data-wpcf7-id=\"11817\">\n<div class=\"screen-reader-response\"><p role=\"status\" aria-live=\"polite\" aria-atomic=\"true\"><\/p> <ul><\/ul><\/div>\n<form action=\"\/en\/wp-json\/wp\/v2\/pages\/11815#wpcf7-f11817-o1\" method=\"post\" class=\"wpcf7-form init\" aria-label=\"Contact form\" novalidate=\"novalidate\" data-status=\"init\">\n<fieldset class=\"hidden-fields-container\"><input type=\"hidden\" name=\"_wpcf7\" value=\"11817\" \/><input type=\"hidden\" name=\"_wpcf7_version\" value=\"6.1.1\" \/><input type=\"hidden\" name=\"_wpcf7_locale\" value=\"en_GB\" \/><input type=\"hidden\" name=\"_wpcf7_unit_tag\" value=\"wpcf7-f11817-o1\" \/><input type=\"hidden\" name=\"_wpcf7_container_post\" value=\"0\" \/><input type=\"hidden\" name=\"_wpcf7_posted_data_hash\" value=\"\" \/><input type=\"hidden\" name=\"_wpcf7cf_hidden_group_fields\" value=\"[]\" \/><input type=\"hidden\" name=\"_wpcf7cf_hidden_groups\" value=\"[]\" \/><input type=\"hidden\" name=\"_wpcf7cf_visible_groups\" value=\"[]\" \/><input type=\"hidden\" name=\"_wpcf7cf_repeaters\" value=\"[]\" \/><input type=\"hidden\" name=\"_wpcf7cf_steps\" value=\"{}\" \/><input type=\"hidden\" name=\"_wpcf7cf_options\" value=\"{&quot;form_id&quot;:11817,&quot;conditions&quot;:[],&quot;settings&quot;:{&quot;animation&quot;:&quot;yes&quot;,&quot;animation_intime&quot;:200,&quot;animation_outtime&quot;:200,&quot;conditions_ui&quot;:&quot;normal&quot;,&quot;notice_dismissed&quot;:false,&quot;notice_dismissed_update-cf7-6.1.5&quot;:true}}\" \/>\n<\/fieldset>\n<p><label> Votre nom EN<br \/>\n<span class=\"wpcf7-form-control-wrap\" data-name=\"your-name\"><input size=\"40\" maxlength=\"400\" class=\"wpcf7-form-control wpcf7-text wpcf7-validates-as-required\" autocomplete=\"name\" aria-required=\"true\" aria-invalid=\"false\" value=\"\" type=\"text\" name=\"your-name\" \/><\/span> <\/label>\n<\/p>\n<p><label> Votre e-mail<br \/>\n<span class=\"wpcf7-form-control-wrap\" data-name=\"your-email\"><input size=\"40\" maxlength=\"400\" class=\"wpcf7-form-control wpcf7-email wpcf7-validates-as-required wpcf7-text wpcf7-validates-as-email\" autocomplete=\"email\" aria-required=\"true\" aria-invalid=\"false\" value=\"\" type=\"email\" name=\"your-email\" \/><\/span> <\/label>\n<\/p>\n<p><label> Objet<br \/>\n<span class=\"wpcf7-form-control-wrap\" data-name=\"your-subject\"><input size=\"40\" maxlength=\"400\" class=\"wpcf7-form-control wpcf7-text wpcf7-validates-as-required\" aria-required=\"true\" aria-invalid=\"false\" value=\"\" type=\"text\" name=\"your-subject\" \/><\/span> <\/label>\n<\/p>\n<p><label> Votre message (facultatif)<br \/>\n<span class=\"wpcf7-form-control-wrap\" data-name=\"your-message\"><textarea cols=\"40\" rows=\"10\" maxlength=\"2000\" class=\"wpcf7-form-control wpcf7-textarea\" aria-invalid=\"false\" name=\"your-message\"><\/textarea><\/span> <\/label>\n<\/p>\n<p><input class=\"wpcf7-form-control wpcf7-submit has-spinner\" type=\"submit\" value=\"Envoyer\" \/>\n<\/p><div class=\"wpcf7-response-output\" aria-hidden=\"true\"><\/div>\n<\/form>\n<\/div>\n<\/div>\n<\/div>\n<\/div>\n\n<p><\/p>\n","protected":false},"excerpt":{"rendered":"<p>UNE AUTRE QUESTION ? CONTACTEZ-NOUS ! Notre \u00e9quipe est \u00e0 votre \u00e9coute pour r\u00e9pondre \u00e0 toutes vos demandes. Remplissez le formulaire ci-dessous, nous reviendrons vers vous rapidement.<\/p>\n","protected":false},"author":1,"featured_media":0,"parent":11764,"menu_order":56,"comment_status":"closed","ping_status":"closed","template":"","meta":{"_acf_changed":false,"footnotes":""},"class_list":["post-11815","page","type-page","status-publish","hentry","page_location-menu-mobile","page_location-menu-secondaire","page_location-page-de-contact"],"acf":[],"_links":{"self":[{"href":"https:\/\/france.dev-xefi.manitoba-preprod.fr\/en\/wp-json\/wp\/v2\/pages\/11815","targetHints":{"allow":["GET"]}}],"collection":[{"href":"https:\/\/france.dev-xefi.manitoba-preprod.fr\/en\/wp-json\/wp\/v2\/pages"}],"about":[{"href":"https:\/\/france.dev-xefi.manitoba-preprod.fr\/en\/wp-json\/wp\/v2\/types\/page"}],"author":[{"embeddable":true,"href":"https:\/\/france.dev-xefi.manitoba-preprod.fr\/en\/wp-json\/wp\/v2\/users\/1"}],"replies":[{"embeddable":true,"href":"https:\/\/france.dev-xefi.manitoba-preprod.fr\/en\/wp-json\/wp\/v2\/comments?post=11815"}],"version-history":[{"count":1,"href":"https:\/\/france.dev-xefi.manitoba-preprod.fr\/en\/wp-json\/wp\/v2\/pages\/11815\/revisions"}],"predecessor-version":[{"id":11816,"href":"https:\/\/france.dev-xefi.manitoba-preprod.fr\/en\/wp-json\/wp\/v2\/pages\/11815\/revisions\/11816"}],"up":[{"embeddable":true,"href":"https:\/\/france.dev-xefi.manitoba-preprod.fr\/en\/wp-json\/wp\/v2\/pages\/11764"}],"wp:attachment":[{"href":"https:\/\/france.dev-xefi.manitoba-preprod.fr\/en\/wp-json\/wp\/v2\/media?parent=11815"}],"curies":[{"name":"wp","href":"https:\/\/api.w.org\/{rel}","templated":true}]}}