{"id":11820,"date":"2025-05-05T11:23:08","date_gmt":"2025-05-05T09:23:08","guid":{"rendered":"https:\/\/france.dev-xefi.manitoba-preprod.fr\/decouvrir-xefi-en\/a-propos-de-nous-en\/conseils-dexperts-et-actualites-en\/"},"modified":"2025-09-05T12:15:32","modified_gmt":"2025-09-05T10:15:32","slug":"conseils-dexperts-et-actualites-en","status":"publish","type":"page","link":"https:\/\/france.dev-xefi.manitoba-preprod.fr\/en\/decouvrir-xefi-en\/a-propos-de-nous-en\/conseils-dexperts-et-actualites-en\/","title":{"rendered":"Conseils d\u2019experts et Actualit\u00e9s EN"},"content":{"rendered":"\n<div class=\"wp-block-group alignfull has-light-background-color has-background is-layout-constrained wp-container-core-group-is-layout-a47e864c wp-block-group-is-layout-constrained\" style=\"padding-top:var(--wp--preset--spacing--80);padding-right:var(--wp--preset--spacing--50);padding-bottom:var(--wp--preset--spacing--80);padding-left:var(--wp--preset--spacing--50)\">\n<h2 class=\"wp-block-heading has-text-align-center\" style=\"margin-bottom:var(--wp--preset--spacing--80)\">Parole \u00e0 <mark class=\"has-inline-color has-primary-color\">nos experts<\/mark><\/h2>\n\n\n<script type=\"application\/ld+json\">{\"@context\":\"https:\/\/schema.org\",\"@graph\":[{\"@type\":\"TechArticle\",\"headline\":\"Notre expert IT, S\u00e9bastien nous parle de nos solutions de maintenance EN\",\"dateCreated\":\"2025-07-29T12:35:53+02:00\",\"datePublished\":\"2025-07-29T12:35:53+02:00\",\"abstract\":\"En moins de 2 minutes, d\u00e9couvrez en vid\u00e9o, le t\u00e9moignage de notre expert en maintenance sur les solutions propos\u00e9es aux TPE et PME ! \\nPourquoi la maintenance informatique est-elle essentielle pour une TPE\/PME ? Quels sont les risques concrets pour l\u2019entreprise ? How does XEFI respond in concrete terms?  \",\"inLanguage\":\"en-GB\",\"url\":\"https:\/\/france.dev-xefi.manitoba-preprod.fr\/en\/notre-expert-it-sebastien-nous-parle-de-nos-solutions-de-maintenance-en\/\",\"author\":{\"@type\":\"Person\",\"name\":\"sladana\"},\"image\":{\"@type\":\"ImageObject\",\"url\":\"https:\/\/france.dev-xefi.manitoba-preprod.fr\/wp-content\/uploads\/sites\/2\/2025\/07\/sebastien-expert-it-solution-maintenance-xefi-informatique-partenaire-des-tpe-pme.png\"}}]}<\/script><div class=\"manitoba-articles-carousel\" id=\"articles-carousel-1\"\n  data-max-items=\"1\" data-autoplay=\"false\" data-autoplay-delay=\"5000\">\n  <div class=\"swiper\">\n    <div class=\"swiper-wrapper\">\n            <div class=\"swiper-slide\">\n        <article class=\"article-card cut-border\">\n          <div class=\"article-media\">\n                        <div class=\"article-video\">\n              <iframe loading=\"lazy\" title=\"Notre expert IT, S\u00e9bastien nous parle des solutions de maintenance informatique de XEFI\" width=\"500\" height=\"281\" src=\"https:\/\/www.youtube.com\/embed\/uXW3fZ0Mjf0?feature=oembed\" frameborder=\"0\" allow=\"accelerometer; autoplay; clipboard-write; encrypted-media; gyroscope; picture-in-picture; web-share\" referrerpolicy=\"strict-origin-when-cross-origin\" allowfullscreen><\/iframe>            <\/div>\n                      <\/div>\n\n          <div class=\"article-content\">\n            <p class=\"article-meta\">\n                            <span class=\"article-category\">\n                Maintenance              <\/span>\n                          <\/p>\n\n                        <p class=\"article-tags\">\n                            <span class=\"article-tag\">\n                depannage informatique              <\/span>\n                            <span class=\"article-tag\">\n                maintenance preventive              <\/span>\n                          <\/p>\n            \n            <h3 class=\"article-title\">\n              <a\n                href=\"https:\/\/france.dev-xefi.manitoba-preprod.fr\/en\/notre-expert-it-sebastien-nous-parle-de-nos-solutions-de-maintenance-en\/\">Notre expert IT, S\u00e9bastien nous parle de nos solutions de maintenance EN<\/a>\n            <\/h3>\n\n            <p class=\"article-excerpt\">\n              En moins de 2 minutes, d\u00e9couvrez en vid\u00e9o, le t\u00e9moignage de notre expert en maintenance sur les solutions propos\u00e9es aux TPE et PME ! \nPourquoi la maintenance informatique est-elle essentielle pour une TPE\/PME ? Quels sont les risques concrets pour l\u2019entreprise ? How does XEFI respond in concrete terms?              <\/p>\n            <a class=\"article-btn\" aria-label=\"Notre expert IT, S\u00e9bastien nous parle de nos solutions de maintenance EN\"\n              href=\"https:\/\/france.dev-xefi.manitoba-preprod.fr\/en\/notre-expert-it-sebastien-nous-parle-de-nos-solutions-de-maintenance-en\/\">\n              Read more            <\/a>\n          <\/div>\n        <\/article>\n      <\/div>\n          <\/div>\n\n      <\/div>\n  <\/div>\n\n<\/div>\n\n<div class=\"wp-block-group alignfull is-layout-constrained wp-container-core-group-is-layout-a47e864c wp-block-group-is-layout-constrained\" style=\"padding-top:var(--wp--preset--spacing--80);padding-right:var(--wp--preset--spacing--50);padding-bottom:var(--wp--preset--spacing--80);padding-left:var(--wp--preset--spacing--50)\">\n<section class=\"wp-block-query blog-grid is-layout-flow wp-block-query-is-layout-flow\">\n<h2 class=\"wp-block-heading has-text-align-center\" style=\"margin-bottom:var(--wp--preset--spacing--80)\">Tous nos conseils d&#8217;experts et actualit\u00e9s<\/h2>\n\n\n<ul style=\"margin-bottom:var(--wp--preset--spacing--50);\" class=\"wp-block-post-template is-layout-flow wp-block-post-template-is-layout-flow\"><li class=\"wp-block-post post-11829 post type-post status-publish format-standard has-post-thumbnail hentry category-maintenance-en tag-depannage-informatique-en tag-maintenance-preventive-en article_type-conseil-dexpert\">\n\n<div class=\"wp-block-group cut-border has-light-background-color has-background is-layout-constrained wp-container-core-group-is-layout-0747478d wp-block-group-is-layout-constrained\" style=\"padding-top:var(--wp--preset--spacing--50);padding-right:var(--wp--preset--spacing--50);padding-bottom:var(--wp--preset--spacing--50);padding-left:var(--wp--preset--spacing--50)\"><figure style=\"aspect-ratio:16\/9; margin-bottom:var(--wp--preset--spacing--30);\" class=\"wp-block-post-featured-image\"><a href=\"https:\/\/france.dev-xefi.manitoba-preprod.fr\/en\/notre-expert-it-sebastien-nous-parle-de-nos-solutions-de-maintenance-en\/\" target=\"_self\"  ><img loading=\"lazy\" decoding=\"async\" width=\"1024\" height=\"576\" src=\"https:\/\/france.dev-xefi.manitoba-preprod.fr\/wp-content\/uploads\/sites\/2\/2025\/07\/sebastien-expert-it-solution-maintenance-xefi-informatique-partenaire-des-tpe-pme-1024x576.png\" class=\"attachment-large size-large wp-post-image\" alt=\"Notre expert IT, S\u00e9bastien nous parle de nos solutions de maintenance EN\" style=\"width:100%;height:100%;object-fit:cover;\" srcset=\"https:\/\/france.dev-xefi.manitoba-preprod.fr\/wp-content\/uploads\/sites\/2\/2025\/07\/sebastien-expert-it-solution-maintenance-xefi-informatique-partenaire-des-tpe-pme-1024x576.png 1024w, https:\/\/france.dev-xefi.manitoba-preprod.fr\/wp-content\/uploads\/sites\/2\/2025\/07\/sebastien-expert-it-solution-maintenance-xefi-informatique-partenaire-des-tpe-pme-300x169.png 300w, https:\/\/france.dev-xefi.manitoba-preprod.fr\/wp-content\/uploads\/sites\/2\/2025\/07\/sebastien-expert-it-solution-maintenance-xefi-informatique-partenaire-des-tpe-pme-768x432.png 768w, https:\/\/france.dev-xefi.manitoba-preprod.fr\/wp-content\/uploads\/sites\/2\/2025\/07\/sebastien-expert-it-solution-maintenance-xefi-informatique-partenaire-des-tpe-pme.png 1280w\" sizes=\"auto, (max-width: 1024px) 100vw, 1024px\" \/><\/a><\/figure>\n\n\n<div class=\"wp-block-group is-layout-flex wp-container-core-group-is-layout-d4b192fc wp-block-group-is-layout-flex\" style=\"margin-bottom:var(--wp--preset--spacing--20)\"><div class=\"taxonomy-article_type wp-block-post-terms\"><a href=\"https:\/\/france.dev-xefi.manitoba-preprod.fr\/en\/type-article\/conseil-dexpert\/\" rel=\"tag\">Conseil d&#8217;expert<\/a><\/div>\n\n<div class=\"taxonomy-category wp-block-post-terms\"><a href=\"https:\/\/france.dev-xefi.manitoba-preprod.fr\/en\/category\/maintenance-en\/\" rel=\"tag\">Maintenance<\/a><\/div>\n\n<div class=\"taxonomy-post_tag wp-block-post-terms\"><a href=\"https:\/\/france.dev-xefi.manitoba-preprod.fr\/en\/tag\/depannage-informatique-en\/\" rel=\"tag\">depannage informatique<\/a><span class=\"wp-block-post-terms__separator\">, <\/span><a href=\"https:\/\/france.dev-xefi.manitoba-preprod.fr\/en\/tag\/maintenance-preventive-en\/\" rel=\"tag\">maintenance preventive<\/a><\/div><\/div>\n\n\n<h3 class=\"wp-block-post-title\"><a href=\"https:\/\/france.dev-xefi.manitoba-preprod.fr\/en\/notre-expert-it-sebastien-nous-parle-de-nos-solutions-de-maintenance-en\/\" target=\"_self\" >Notre expert IT, S\u00e9bastien nous parle de nos solutions de maintenance EN<\/a><\/h3>\n\n<div class=\"wp-block-post-date\"><time datetime=\"2025-07-29T12:35:53+02:00\">29 July 2025<\/time><\/div><\/div>\n\n<\/li><\/ul>\n\n\n\n<\/section>\n<\/div>\n","protected":false},"excerpt":{"rendered":"<p>Parole \u00e0 nos experts<\/p>\n","protected":false},"author":1,"featured_media":11585,"parent":11764,"menu_order":55,"comment_status":"closed","ping_status":"closed","template":"","meta":{"_acf_changed":false,"footnotes":""},"class_list":["post-11820","page","type-page","status-publish","has-post-thumbnail","hentry","page_location-decouvrir-xefi","page_location-menu-mobile","page_location-menu-secondaire"],"acf":[],"_links":{"self":[{"href":"https:\/\/france.dev-xefi.manitoba-preprod.fr\/en\/wp-json\/wp\/v2\/pages\/11820","targetHints":{"allow":["GET"]}}],"collection":[{"href":"https:\/\/france.dev-xefi.manitoba-preprod.fr\/en\/wp-json\/wp\/v2\/pages"}],"about":[{"href":"https:\/\/france.dev-xefi.manitoba-preprod.fr\/en\/wp-json\/wp\/v2\/types\/page"}],"author":[{"embeddable":true,"href":"https:\/\/france.dev-xefi.manitoba-preprod.fr\/en\/wp-json\/wp\/v2\/users\/1"}],"replies":[{"embeddable":true,"href":"https:\/\/france.dev-xefi.manitoba-preprod.fr\/en\/wp-json\/wp\/v2\/comments?post=11820"}],"version-history":[{"count":1,"href":"https:\/\/france.dev-xefi.manitoba-preprod.fr\/en\/wp-json\/wp\/v2\/pages\/11820\/revisions"}],"predecessor-version":[{"id":11821,"href":"https:\/\/france.dev-xefi.manitoba-preprod.fr\/en\/wp-json\/wp\/v2\/pages\/11820\/revisions\/11821"}],"up":[{"embeddable":true,"href":"https:\/\/france.dev-xefi.manitoba-preprod.fr\/en\/wp-json\/wp\/v2\/pages\/11764"}],"wp:featuredmedia":[{"embeddable":true,"href":"https:\/\/france.dev-xefi.manitoba-preprod.fr\/en\/wp-json\/wp\/v2\/media\/11585"}],"wp:attachment":[{"href":"https:\/\/france.dev-xefi.manitoba-preprod.fr\/en\/wp-json\/wp\/v2\/media?parent=11820"}],"curies":[{"name":"wp","href":"https:\/\/api.w.org\/{rel}","templated":true}]}}