{"id":157,"date":"2025-05-05T11:23:08","date_gmt":"2025-05-05T09:23:08","guid":{"rendered":"https:\/\/france.dev-xefi.manitoba-preprod.fr\/?page_id=157"},"modified":"2026-02-13T12:17:27","modified_gmt":"2026-02-13T11:17:27","slug":"conseils-d-experts-et-actualites","status":"publish","type":"page","link":"https:\/\/france.dev-xefi.manitoba-preprod.fr\/fr\/decouvrir-xefi\/a-propos-de-nous\/conseils-d-experts-et-actualites\/","title":{"rendered":"Conseils d\u2019experts et Actualit\u00e9s"},"content":{"rendered":"\n<div class=\"wp-block-group alignfull has-light-background-color has-background is-layout-constrained wp-container-core-group-is-layout-a47e864c wp-block-group-is-layout-constrained\" style=\"padding-top:var(--wp--preset--spacing--80);padding-right:var(--wp--preset--spacing--50);padding-bottom:var(--wp--preset--spacing--80);padding-left:var(--wp--preset--spacing--50)\">\n<h2 class=\"wp-block-heading has-text-align-center\" style=\"margin-bottom:var(--wp--preset--spacing--80)\">Parole \u00e0 <mark class=\"has-inline-color has-primary-color\">nos experts<\/mark><\/h2>\n\n\n<script type=\"application\/ld+json\">{\"@context\":\"https:\/\/schema.org\",\"@graph\":[{\"@type\":\"TechArticle\",\"headline\":\"Notre expert IT, S\u00e9bastien nous parle de nos solutions de maintenance\",\"dateCreated\":\"2025-07-29T12:35:53+02:00\",\"datePublished\":\"2025-07-29T12:35:53+02:00\",\"abstract\":\"En moins de 2 minutes, d\u00e9couvrez en vid\u00e9o, le t\u00e9moignage de notre expert en maintenance sur les solutions propos\u00e9es aux TPE et PME ! \\nPourquoi la maintenance informatique est-elle essentielle pour une TPE\/PME ? Quels sont les risques concrets pour l\u2019entreprise ? Comment XEFI y r\u00e9pond concr\u00e8tement ? \",\"inLanguage\":\"fr-FR\",\"url\":\"https:\/\/france.dev-xefi.manitoba-preprod.fr\/fr\/notre-expert-it-sebastien-nous-parle-de-nos-solutions-de-maintenance-informatique-pour-les-tpe-et-les-pme\/\",\"author\":{\"@type\":\"Person\",\"name\":\"sladana\"},\"image\":{\"@type\":\"ImageObject\",\"url\":\"https:\/\/france.dev-xefi.manitoba-preprod.fr\/wp-content\/uploads\/sites\/2\/2025\/07\/sebastien-expert-it-solution-maintenance-xefi-informatique-partenaire-des-tpe-pme.png\"}}]}<\/script><div class=\"manitoba-articles-carousel\" id=\"articles-carousel-1\"\n  data-max-items=\"1\" data-autoplay=\"false\" data-autoplay-delay=\"5000\">\n  <div class=\"swiper\">\n    <div class=\"swiper-wrapper\">\n            <div class=\"swiper-slide\">\n        <article class=\"article-card cut-border\">\n          <div class=\"article-media\">\n                        <div class=\"article-video\">\n              <iframe loading=\"lazy\" title=\"Notre expert IT, S\u00e9bastien nous parle des solutions de maintenance informatique de XEFI\" width=\"500\" height=\"281\" src=\"https:\/\/www.youtube.com\/embed\/uXW3fZ0Mjf0?feature=oembed\" frameborder=\"0\" allow=\"accelerometer; autoplay; clipboard-write; encrypted-media; gyroscope; picture-in-picture; web-share\" referrerpolicy=\"strict-origin-when-cross-origin\" allowfullscreen><\/iframe>            <\/div>\n                      <\/div>\n\n          <div class=\"article-content\">\n            <p class=\"article-meta\">\n                            <span class=\"article-category\">\n                Maintenance              <\/span>\n                          <\/p>\n\n                        <p class=\"article-tags\">\n                            <span class=\"article-tag\">\n                depannage informatique              <\/span>\n                            <span class=\"article-tag\">\n                maintenance preventive              <\/span>\n                          <\/p>\n            \n            <h3 class=\"article-title\">\n              <a\n                href=\"https:\/\/france.dev-xefi.manitoba-preprod.fr\/fr\/notre-expert-it-sebastien-nous-parle-de-nos-solutions-de-maintenance-informatique-pour-les-tpe-et-les-pme\/\">Notre expert IT, S\u00e9bastien nous parle de nos solutions de maintenance<\/a>\n            <\/h3>\n\n            <p class=\"article-excerpt\">\n              En moins de 2 minutes, d\u00e9couvrez en vid\u00e9o, le t\u00e9moignage de notre expert en maintenance sur les solutions propos\u00e9es aux TPE et PME ! \nPourquoi la maintenance informatique est-elle essentielle pour une TPE\/PME ? Quels sont les risques concrets pour l\u2019entreprise ? Comment XEFI y r\u00e9pond concr\u00e8tement ?             <\/p>\n            <a class=\"article-btn\" aria-label=\"Notre expert IT, S\u00e9bastien nous parle de nos solutions de maintenance\"\n              href=\"https:\/\/france.dev-xefi.manitoba-preprod.fr\/fr\/notre-expert-it-sebastien-nous-parle-de-nos-solutions-de-maintenance-informatique-pour-les-tpe-et-les-pme\/\">\n              Voir plus            <\/a>\n          <\/div>\n        <\/article>\n      <\/div>\n          <\/div>\n\n      <\/div>\n  <\/div>\n\n<\/div>\n\n\n\n<div class=\"wp-block-group alignfull is-layout-constrained wp-container-core-group-is-layout-a47e864c wp-block-group-is-layout-constrained\" style=\"padding-top:var(--wp--preset--spacing--80);padding-right:var(--wp--preset--spacing--50);padding-bottom:var(--wp--preset--spacing--80);padding-left:var(--wp--preset--spacing--50)\">\n<h2 class=\"wp-block-heading has-text-align-center\" style=\"margin-bottom:var(--wp--preset--spacing--80)\">Tous nos conseils d&rsquo;experts et actualit\u00e9s<\/h2>\n\n\n\n<div class=\"manitoba-blog-filters\" data-posts-per-page=\"8\" role=\"region\"\n  aria-label=\"Filtres de recherche du blog\">\n\n    <form class=\"mbf-filters-wrapper\" method=\"get\" action=\"https:\/\/france.dev-xefi.manitoba-preprod.fr\/fr\/\" role=\"search\">\n\n        <div class=\"mbf-search-box\">\n      <label for=\"mbf-search-input\"\n        class=\"screen-reader-text\">Rechercher des articles<\/label>\n      <input type=\"search\" id=\"mbf-search-input\" name=\"s\" class=\"mbf-search-input\"\n        value=\"\"\n        placeholder=\"Rechercher...\"\n        aria-label=\"Rechercher des articles\">\n    <\/div>\n    \n        <div class=\"mbf-categories-box\">\n      <p id=\"mbf-categories-heading\" class=\"mbf-categories-heading\">\n        S\u00e9lectionner une cat\u00e9gorie<\/p>\n      <div class=\"mbf-categories-list\" role=\"group\" aria-labelledby=\"mbf-categories-heading\">\n                <label class=\"mbf-category-item\">\n          <input type=\"checkbox\" name=\"categories[]\" value=\"164\"\n            class=\"mbf-category-checkbox\" >\n          <span>Actu XEFI<\/span>\n        <\/label>\n                <label class=\"mbf-category-item\">\n          <input type=\"checkbox\" name=\"categories[]\" value=\"166\"\n            class=\"mbf-category-checkbox\" >\n          <span>Business Units<\/span>\n        <\/label>\n                <label class=\"mbf-category-item\">\n          <input type=\"checkbox\" name=\"categories[]\" value=\"26\"\n            class=\"mbf-category-checkbox\" >\n          <span>Cloud<\/span>\n        <\/label>\n                <label class=\"mbf-category-item\">\n          <input type=\"checkbox\" name=\"categories[]\" value=\"22\"\n            class=\"mbf-category-checkbox\" >\n          <span>\u00c9quipement<\/span>\n        <\/label>\n                <label class=\"mbf-category-item\">\n          <input type=\"checkbox\" name=\"categories[]\" value=\"24\"\n            class=\"mbf-category-checkbox\" >\n          <span>Maintenance<\/span>\n        <\/label>\n                <label class=\"mbf-category-item\">\n          <input type=\"checkbox\" name=\"categories[]\" value=\"23\"\n            class=\"mbf-category-checkbox\" >\n          <span>S\u00e9curit\u00e9<\/span>\n        <\/label>\n                <label class=\"mbf-category-item\">\n          <input type=\"checkbox\" name=\"categories[]\" value=\"27\"\n            class=\"mbf-category-checkbox\" >\n          <span>Software<\/span>\n        <\/label>\n              <\/div>\n    <\/div>\n    \n    <noscript>\n      <button type=\"submit\"\n        class=\"mbf-submit-btn\">Filtrer<\/button>\n    <\/noscript>\n\n  <\/form>\n  \n  <div class=\"mbf-results-wrapper\">\n    <div class=\"mbf-loading\" style=\"display: none;\" role=\"status\" aria-live=\"polite\">\n      <span class=\"mbf-spinner\" aria-hidden=\"true\"><\/span>\n      <span>Chargement...<\/span>\n    <\/div>\n\n    <div class=\"mbf-posts-grid\" role=\"region\" aria-live=\"polite\" aria-atomic=\"false\">\n      \n<article class=\"mbf-post-item cut-border\" data-post-id=\"12073\">\n  <div class=\"mbf-post-meta\">\n        <span class=\"mbf-post-categories\">\n            <span class=\"mbf-category-badge\">Actu XEFI<\/span>\n          <\/span>\n      <\/div>\n\n  \n  <div class=\"mbf-post-content\">\n    <div class=\"mbf-post-meta\">\n          <\/div>\n\n    <h3 class=\"mbf-post-title\">\n      <a href=\"https:\/\/france.dev-xefi.manitoba-preprod.fr\/fr\/yotta-2024-une-edition-exceptionnelle\/\">Yotta 2024, une \u00e9dition exceptionnelle !<\/a>\n    <\/h3>\n\n    <p class=\"mbf-post-date\">26 novembre 2025<\/p>\n\n    <a href=\"https:\/\/france.dev-xefi.manitoba-preprod.fr\/fr\/yotta-2024-une-edition-exceptionnelle\/\" class=\"mbf-read-more\">\n      Lire la suite \u2192\n    <\/a>\n  <\/div>\n<\/article>\n<article class=\"mbf-post-item cut-border\" data-post-id=\"11343\">\n  <div class=\"mbf-post-meta\">\n        <span class=\"mbf-post-categories\">\n            <span class=\"mbf-category-badge\">Business Units<\/span>\n          <\/span>\n      <\/div>\n\n    <div class=\"mbf-post-thumbnail\">\n    <a href=\"https:\/\/france.dev-xefi.manitoba-preprod.fr\/fr\/les-datacenters-nexeren-sont-certifies-hds\/\">\n      <img loading=\"lazy\" decoding=\"async\" width=\"300\" height=\"150\" src=\"https:\/\/france.dev-xefi.manitoba-preprod.fr\/wp-content\/uploads\/sites\/2\/2025\/07\/datacenters-nexeren-sont-certifies-hds-xefi-partenaire-informatique-des-tpe-pme-300x150.jpg\" class=\"attachment-medium size-medium wp-post-image\" alt=\"\" srcset=\"https:\/\/france.dev-xefi.manitoba-preprod.fr\/wp-content\/uploads\/sites\/2\/2025\/07\/datacenters-nexeren-sont-certifies-hds-xefi-partenaire-informatique-des-tpe-pme-300x150.jpg 300w, https:\/\/france.dev-xefi.manitoba-preprod.fr\/wp-content\/uploads\/sites\/2\/2025\/07\/datacenters-nexeren-sont-certifies-hds-xefi-partenaire-informatique-des-tpe-pme-1024x514.jpg 1024w, https:\/\/france.dev-xefi.manitoba-preprod.fr\/wp-content\/uploads\/sites\/2\/2025\/07\/datacenters-nexeren-sont-certifies-hds-xefi-partenaire-informatique-des-tpe-pme-768x385.jpg 768w, https:\/\/france.dev-xefi.manitoba-preprod.fr\/wp-content\/uploads\/sites\/2\/2025\/07\/datacenters-nexeren-sont-certifies-hds-xefi-partenaire-informatique-des-tpe-pme-1536x770.jpg 1536w, https:\/\/france.dev-xefi.manitoba-preprod.fr\/wp-content\/uploads\/sites\/2\/2025\/07\/datacenters-nexeren-sont-certifies-hds-xefi-partenaire-informatique-des-tpe-pme.jpg 2000w\" sizes=\"auto, (max-width: 300px) 100vw, 300px\" \/>    <\/a>\n  <\/div>\n  \n  <div class=\"mbf-post-content\">\n    <div class=\"mbf-post-meta\">\n            <span class=\"mbf-post-article-types\">\n                <span class=\"mbf-article-type-badge\">Actualit\u00e9<\/span>\n              <\/span>\n          <\/div>\n\n    <h3 class=\"mbf-post-title\">\n      <a href=\"https:\/\/france.dev-xefi.manitoba-preprod.fr\/fr\/les-datacenters-nexeren-sont-certifies-hds\/\">Les Datacenters NEXEREN sont certifi\u00e9s HDS<\/a>\n    <\/h3>\n\n    <p class=\"mbf-post-date\">29 juillet 2025<\/p>\n\n    <a href=\"https:\/\/france.dev-xefi.manitoba-preprod.fr\/fr\/les-datacenters-nexeren-sont-certifies-hds\/\" class=\"mbf-read-more\">\n      Lire la suite \u2192\n    <\/a>\n  <\/div>\n<\/article>\n<article class=\"mbf-post-item cut-border\" data-post-id=\"11335\">\n  <div class=\"mbf-post-meta\">\n        <span class=\"mbf-post-categories\">\n            <span class=\"mbf-category-badge\">Actu XEFI<\/span>\n          <\/span>\n      <\/div>\n\n    <div class=\"mbf-post-thumbnail\">\n    <a href=\"https:\/\/france.dev-xefi.manitoba-preprod.fr\/fr\/le-grand-casting-xefi-rejoignez-nous\/\">\n      <img loading=\"lazy\" decoding=\"async\" width=\"300\" height=\"117\" src=\"https:\/\/france.dev-xefi.manitoba-preprod.fr\/wp-content\/uploads\/sites\/2\/2025\/07\/grand-casting-xefi-rejoignez-nous-xefi-partenaire-informatique-des-tpe-pme-300x117.png\" class=\"attachment-medium size-medium wp-post-image\" alt=\"\" srcset=\"https:\/\/france.dev-xefi.manitoba-preprod.fr\/wp-content\/uploads\/sites\/2\/2025\/07\/grand-casting-xefi-rejoignez-nous-xefi-partenaire-informatique-des-tpe-pme-300x117.png 300w, https:\/\/france.dev-xefi.manitoba-preprod.fr\/wp-content\/uploads\/sites\/2\/2025\/07\/grand-casting-xefi-rejoignez-nous-xefi-partenaire-informatique-des-tpe-pme-1024x398.png 1024w, https:\/\/france.dev-xefi.manitoba-preprod.fr\/wp-content\/uploads\/sites\/2\/2025\/07\/grand-casting-xefi-rejoignez-nous-xefi-partenaire-informatique-des-tpe-pme-768x299.png 768w, https:\/\/france.dev-xefi.manitoba-preprod.fr\/wp-content\/uploads\/sites\/2\/2025\/07\/grand-casting-xefi-rejoignez-nous-xefi-partenaire-informatique-des-tpe-pme-1536x597.png 1536w, https:\/\/france.dev-xefi.manitoba-preprod.fr\/wp-content\/uploads\/sites\/2\/2025\/07\/grand-casting-xefi-rejoignez-nous-xefi-partenaire-informatique-des-tpe-pme.png 1800w\" sizes=\"auto, (max-width: 300px) 100vw, 300px\" \/>    <\/a>\n  <\/div>\n  \n  <div class=\"mbf-post-content\">\n    <div class=\"mbf-post-meta\">\n            <span class=\"mbf-post-article-types\">\n                <span class=\"mbf-article-type-badge\">\u00c9v\u00e9nement<\/span>\n              <\/span>\n          <\/div>\n\n    <h3 class=\"mbf-post-title\">\n      <a href=\"https:\/\/france.dev-xefi.manitoba-preprod.fr\/fr\/le-grand-casting-xefi-rejoignez-nous\/\">Le Grand Casting XEFI : Rejoignez-nous !<\/a>\n    <\/h3>\n\n    <p class=\"mbf-post-date\">29 juillet 2025<\/p>\n\n    <a href=\"https:\/\/france.dev-xefi.manitoba-preprod.fr\/fr\/le-grand-casting-xefi-rejoignez-nous\/\" class=\"mbf-read-more\">\n      Lire la suite \u2192\n    <\/a>\n  <\/div>\n<\/article>\n<article class=\"mbf-post-item cut-border\" data-post-id=\"11333\">\n  <div class=\"mbf-post-meta\">\n        <span class=\"mbf-post-categories\">\n            <span class=\"mbf-category-badge\">Actu XEFI<\/span>\n          <\/span>\n      <\/div>\n\n    <div class=\"mbf-post-thumbnail\">\n    <a href=\"https:\/\/france.dev-xefi.manitoba-preprod.fr\/fr\/btention-du-label-hp-amplify-5\/\">\n      <img loading=\"lazy\" decoding=\"async\" width=\"275\" height=\"183\" src=\"https:\/\/france.dev-xefi.manitoba-preprod.fr\/wp-content\/uploads\/sites\/2\/2025\/07\/label-hp-amplify-xefi-partenaire-informatique-des-tpe-pme.jpg\" class=\"attachment-medium size-medium wp-post-image\" alt=\"\" \/>    <\/a>\n  <\/div>\n  \n  <div class=\"mbf-post-content\">\n    <div class=\"mbf-post-meta\">\n            <span class=\"mbf-post-article-types\">\n                <span class=\"mbf-article-type-badge\">Partenaire<\/span>\n              <\/span>\n          <\/div>\n\n    <h3 class=\"mbf-post-title\">\n      <a href=\"https:\/\/france.dev-xefi.manitoba-preprod.fr\/fr\/btention-du-label-hp-amplify-5\/\">XEFI obtient le Label HP Amplify 5 \u00e9toiles<\/a>\n    <\/h3>\n\n    <p class=\"mbf-post-date\">29 juillet 2025<\/p>\n\n    <a href=\"https:\/\/france.dev-xefi.manitoba-preprod.fr\/fr\/btention-du-label-hp-amplify-5\/\" class=\"mbf-read-more\">\n      Lire la suite \u2192\n    <\/a>\n  <\/div>\n<\/article>\n<article class=\"mbf-post-item cut-border\" data-post-id=\"11327\">\n  <div class=\"mbf-post-meta\">\n        <span class=\"mbf-post-categories\">\n            <span class=\"mbf-category-badge\">Actu XEFI<\/span>\n          <\/span>\n      <\/div>\n\n    <div class=\"mbf-post-thumbnail\">\n    <a href=\"https:\/\/france.dev-xefi.manitoba-preprod.fr\/fr\/journees-portes-ouvertes-metiers-de-lit-informatique-xefi-academy\/\">\n      <img loading=\"lazy\" decoding=\"async\" width=\"300\" height=\"169\" src=\"https:\/\/france.dev-xefi.manitoba-preprod.fr\/wp-content\/uploads\/sites\/2\/2025\/07\/journee-portes-ouvertes-xefi-academy-xefi-partenaire-informatique-des-tpe-pme-300x169.jpg\" class=\"attachment-medium size-medium wp-post-image\" alt=\"\" srcset=\"https:\/\/france.dev-xefi.manitoba-preprod.fr\/wp-content\/uploads\/sites\/2\/2025\/07\/journee-portes-ouvertes-xefi-academy-xefi-partenaire-informatique-des-tpe-pme-300x169.jpg 300w, https:\/\/france.dev-xefi.manitoba-preprod.fr\/wp-content\/uploads\/sites\/2\/2025\/07\/journee-portes-ouvertes-xefi-academy-xefi-partenaire-informatique-des-tpe-pme-1024x576.jpg 1024w, https:\/\/france.dev-xefi.manitoba-preprod.fr\/wp-content\/uploads\/sites\/2\/2025\/07\/journee-portes-ouvertes-xefi-academy-xefi-partenaire-informatique-des-tpe-pme-768x432.jpg 768w, https:\/\/france.dev-xefi.manitoba-preprod.fr\/wp-content\/uploads\/sites\/2\/2025\/07\/journee-portes-ouvertes-xefi-academy-xefi-partenaire-informatique-des-tpe-pme-1536x864.jpg 1536w, https:\/\/france.dev-xefi.manitoba-preprod.fr\/wp-content\/uploads\/sites\/2\/2025\/07\/journee-portes-ouvertes-xefi-academy-xefi-partenaire-informatique-des-tpe-pme.jpg 2000w\" sizes=\"auto, (max-width: 300px) 100vw, 300px\" \/>    <\/a>\n  <\/div>\n  \n  <div class=\"mbf-post-content\">\n    <div class=\"mbf-post-meta\">\n            <span class=\"mbf-post-article-types\">\n                <span class=\"mbf-article-type-badge\">\u00c9v\u00e9nement<\/span>\n              <\/span>\n          <\/div>\n\n    <h3 class=\"mbf-post-title\">\n      <a href=\"https:\/\/france.dev-xefi.manitoba-preprod.fr\/fr\/journees-portes-ouvertes-metiers-de-lit-informatique-xefi-academy\/\">Journ\u00e9e Portes Ouvertes XEFI Academy<\/a>\n    <\/h3>\n\n    <p class=\"mbf-post-date\">29 juillet 2025<\/p>\n\n    <a href=\"https:\/\/france.dev-xefi.manitoba-preprod.fr\/fr\/journees-portes-ouvertes-metiers-de-lit-informatique-xefi-academy\/\" class=\"mbf-read-more\">\n      Lire la suite \u2192\n    <\/a>\n  <\/div>\n<\/article>\n<article class=\"mbf-post-item cut-border\" data-post-id=\"11325\">\n  <div class=\"mbf-post-meta\">\n        <span class=\"mbf-post-categories\">\n            <span class=\"mbf-category-badge\">Maintenance<\/span>\n          <\/span>\n      <\/div>\n\n    <div class=\"mbf-post-thumbnail\">\n    <a href=\"https:\/\/france.dev-xefi.manitoba-preprod.fr\/fr\/infogerance-un-maillon-central-de-la-strategie-d-entreprise\/\">\n      <img loading=\"lazy\" decoding=\"async\" width=\"259\" height=\"194\" src=\"https:\/\/france.dev-xefi.manitoba-preprod.fr\/wp-content\/uploads\/sites\/2\/2025\/07\/infogerance-maillon-central-strategie-entreprise-partenaire-informatique-des-tpe-pme.jpg\" class=\"attachment-medium size-medium wp-post-image\" alt=\"\" \/>    <\/a>\n  <\/div>\n  \n  <div class=\"mbf-post-content\">\n    <div class=\"mbf-post-meta\">\n            <span class=\"mbf-post-article-types\">\n                <span class=\"mbf-article-type-badge\">Conseil d&#039;expert<\/span>\n              <\/span>\n          <\/div>\n\n    <h3 class=\"mbf-post-title\">\n      <a href=\"https:\/\/france.dev-xefi.manitoba-preprod.fr\/fr\/infogerance-un-maillon-central-de-la-strategie-d-entreprise\/\">L&rsquo;infog\u00e9rance, un maillon central de la strat\u00e9gie d&rsquo;entreprise<\/a>\n    <\/h3>\n\n    <p class=\"mbf-post-date\">29 juillet 2025<\/p>\n\n    <a href=\"https:\/\/france.dev-xefi.manitoba-preprod.fr\/fr\/infogerance-un-maillon-central-de-la-strategie-d-entreprise\/\" class=\"mbf-read-more\">\n      Lire la suite \u2192\n    <\/a>\n  <\/div>\n<\/article>\n<article class=\"mbf-post-item cut-border\" data-post-id=\"11323\">\n  <div class=\"mbf-post-meta\">\n        <span class=\"mbf-post-categories\">\n            <span class=\"mbf-category-badge\">Non cat\u00e9goris\u00e9<\/span>\n          <\/span>\n      <\/div>\n\n    <div class=\"mbf-post-thumbnail\">\n    <a href=\"https:\/\/france.dev-xefi.manitoba-preprod.fr\/fr\/index-de-l-egalite-femmes-hommes\/\">\n      <img loading=\"lazy\" decoding=\"async\" width=\"300\" height=\"200\" src=\"https:\/\/france.dev-xefi.manitoba-preprod.fr\/wp-content\/uploads\/sites\/2\/2025\/07\/index-egalite-homme-femme-xefi-partenaire-informatique-tpe-pme-300x200.jpg\" class=\"attachment-medium size-medium wp-post-image\" alt=\"\" srcset=\"https:\/\/france.dev-xefi.manitoba-preprod.fr\/wp-content\/uploads\/sites\/2\/2025\/07\/index-egalite-homme-femme-xefi-partenaire-informatique-tpe-pme-300x200.jpg 300w, https:\/\/france.dev-xefi.manitoba-preprod.fr\/wp-content\/uploads\/sites\/2\/2025\/07\/index-egalite-homme-femme-xefi-partenaire-informatique-tpe-pme-1024x682.jpg 1024w, https:\/\/france.dev-xefi.manitoba-preprod.fr\/wp-content\/uploads\/sites\/2\/2025\/07\/index-egalite-homme-femme-xefi-partenaire-informatique-tpe-pme-768x511.jpg 768w, https:\/\/france.dev-xefi.manitoba-preprod.fr\/wp-content\/uploads\/sites\/2\/2025\/07\/index-egalite-homme-femme-xefi-partenaire-informatique-tpe-pme-1536x1022.jpg 1536w, https:\/\/france.dev-xefi.manitoba-preprod.fr\/wp-content\/uploads\/sites\/2\/2025\/07\/index-egalite-homme-femme-xefi-partenaire-informatique-tpe-pme-2048x1363.jpg 2048w\" sizes=\"auto, (max-width: 300px) 100vw, 300px\" \/>    <\/a>\n  <\/div>\n  \n  <div class=\"mbf-post-content\">\n    <div class=\"mbf-post-meta\">\n            <span class=\"mbf-post-article-types\">\n                <span class=\"mbf-article-type-badge\">Actualit\u00e9<\/span>\n              <\/span>\n          <\/div>\n\n    <h3 class=\"mbf-post-title\">\n      <a href=\"https:\/\/france.dev-xefi.manitoba-preprod.fr\/fr\/index-de-l-egalite-femmes-hommes\/\">Index d&rsquo;\u00e9galit\u00e9 homme\/femme 2024<\/a>\n    <\/h3>\n\n    <p class=\"mbf-post-date\">29 juillet 2025<\/p>\n\n    <a href=\"https:\/\/france.dev-xefi.manitoba-preprod.fr\/fr\/index-de-l-egalite-femmes-hommes\/\" class=\"mbf-read-more\">\n      Lire la suite \u2192\n    <\/a>\n  <\/div>\n<\/article>\n<article class=\"mbf-post-item cut-border\" data-post-id=\"11313\">\n  <div class=\"mbf-post-meta\">\n        <span class=\"mbf-post-categories\">\n            <span class=\"mbf-category-badge\">Non cat\u00e9goris\u00e9<\/span>\n          <\/span>\n      <\/div>\n\n    <div class=\"mbf-post-thumbnail\">\n    <a href=\"https:\/\/france.dev-xefi.manitoba-preprod.fr\/fr\/inauguration-de-xefi-center-mauritius\/\">\n      <img loading=\"lazy\" decoding=\"async\" width=\"225\" height=\"300\" src=\"https:\/\/france.dev-xefi.manitoba-preprod.fr\/wp-content\/uploads\/sites\/2\/2025\/07\/inauguration-xefi-center-mauritius-xefi-partenaire-informatique-des-tpe-pme-225x300.png\" class=\"attachment-medium size-medium wp-post-image\" alt=\"\" srcset=\"https:\/\/france.dev-xefi.manitoba-preprod.fr\/wp-content\/uploads\/sites\/2\/2025\/07\/inauguration-xefi-center-mauritius-xefi-partenaire-informatique-des-tpe-pme-225x300.png 225w, https:\/\/france.dev-xefi.manitoba-preprod.fr\/wp-content\/uploads\/sites\/2\/2025\/07\/inauguration-xefi-center-mauritius-xefi-partenaire-informatique-des-tpe-pme.png 768w\" sizes=\"auto, (max-width: 225px) 100vw, 225px\" \/>    <\/a>\n  <\/div>\n  \n  <div class=\"mbf-post-content\">\n    <div class=\"mbf-post-meta\">\n            <span class=\"mbf-post-article-types\">\n                <span class=\"mbf-article-type-badge\">\u00c9v\u00e9nement<\/span>\n              <\/span>\n          <\/div>\n\n    <h3 class=\"mbf-post-title\">\n      <a href=\"https:\/\/france.dev-xefi.manitoba-preprod.fr\/fr\/inauguration-de-xefi-center-mauritius\/\">Inauguration XEFI Center Mauritius<\/a>\n    <\/h3>\n\n    <p class=\"mbf-post-date\">29 juillet 2025<\/p>\n\n    <a href=\"https:\/\/france.dev-xefi.manitoba-preprod.fr\/fr\/inauguration-de-xefi-center-mauritius\/\" class=\"mbf-read-more\">\n      Lire la suite \u2192\n    <\/a>\n  <\/div>\n<\/article>    <\/div>\n\n    <nav class=\"mbf-pagination\" role=\"navigation\"\n      aria-label=\"Pagination des articles\">\n            <div class=\"mbf-pagination-wrapper\">\n        <button class=\"mbf-page-btn active\" data-page=\"1\">1<\/button>\n                          <button class=\"mbf-page-btn\" data-page=\"2\">2<\/button>\n                          <span class=\"mbf-page-ellipsis\">&hellip;<\/span>\n                          <button class=\"mbf-page-btn\" data-page=\"4\">4<\/button>\n                <button class=\"mbf-page-btn mbf-next\"\n          data-page=\"2\">Suivant \u2192<\/button>\n      <\/div>\n          <\/nav>\n  <\/div>\n\n<\/div>\n<\/div>\n","protected":false},"excerpt":{"rendered":"<p>Parole \u00e0 nos experts Tous nos conseils d&rsquo;experts et actualit\u00e9s<\/p>\n","protected":false},"author":1,"featured_media":11584,"parent":145,"menu_order":55,"comment_status":"closed","ping_status":"closed","template":"","meta":{"_acf_changed":false,"footnotes":""},"class_list":["post-157","page","type-page","status-publish","has-post-thumbnail","hentry","page_location-decouvrir-xefi","page_location-menu-mobile","page_location-menu-secondaire"],"acf":[],"_links":{"self":[{"href":"https:\/\/france.dev-xefi.manitoba-preprod.fr\/fr\/wp-json\/wp\/v2\/pages\/157","targetHints":{"allow":["GET"]}}],"collection":[{"href":"https:\/\/france.dev-xefi.manitoba-preprod.fr\/fr\/wp-json\/wp\/v2\/pages"}],"about":[{"href":"https:\/\/france.dev-xefi.manitoba-preprod.fr\/fr\/wp-json\/wp\/v2\/types\/page"}],"author":[{"embeddable":true,"href":"https:\/\/france.dev-xefi.manitoba-preprod.fr\/fr\/wp-json\/wp\/v2\/users\/1"}],"replies":[{"embeddable":true,"href":"https:\/\/france.dev-xefi.manitoba-preprod.fr\/fr\/wp-json\/wp\/v2\/comments?post=157"}],"version-history":[{"count":24,"href":"https:\/\/france.dev-xefi.manitoba-preprod.fr\/fr\/wp-json\/wp\/v2\/pages\/157\/revisions"}],"predecessor-version":[{"id":12172,"href":"https:\/\/france.dev-xefi.manitoba-preprod.fr\/fr\/wp-json\/wp\/v2\/pages\/157\/revisions\/12172"}],"up":[{"embeddable":true,"href":"https:\/\/france.dev-xefi.manitoba-preprod.fr\/fr\/wp-json\/wp\/v2\/pages\/145"}],"wp:featuredmedia":[{"embeddable":true,"href":"https:\/\/france.dev-xefi.manitoba-preprod.fr\/fr\/wp-json\/wp\/v2\/media\/11584"}],"wp:attachment":[{"href":"https:\/\/france.dev-xefi.manitoba-preprod.fr\/fr\/wp-json\/wp\/v2\/media?parent=157"}],"curies":[{"name":"wp","href":"https:\/\/api.w.org\/{rel}","templated":true}]}}