{"id":7227,"date":"2025-06-24T11:22:11","date_gmt":"2025-06-24T09:22:11","guid":{"rendered":"https:\/\/france.dev-xefi.manitoba-preprod.fr\/?page_id=7227"},"modified":"2025-09-05T11:55:12","modified_gmt":"2025-09-05T09:55:12","slug":"contacter-le-groupe","status":"publish","type":"page","link":"https:\/\/france.dev-xefi.manitoba-preprod.fr\/fr\/decouvrir-xefi\/a-propos-de-nous\/contacter-le-groupe\/","title":{"rendered":"Contacter le groupe"},"content":{"rendered":"\n<div class=\"wp-block-group alignfull is-layout-constrained wp-container-core-group-is-layout-a47e864c wp-block-group-is-layout-constrained\" style=\"padding-top:var(--wp--preset--spacing--80);padding-right:var(--wp--preset--spacing--50);padding-bottom:var(--wp--preset--spacing--80);padding-left:var(--wp--preset--spacing--50)\"><nav class=\"manitoba-intern-menu manitoba-intern-menu-cols-4 manitoba-intern-menu--hover-width wp-block-manitoba-page-location-intern-menu\" aria-label=\"Menu interne\">\n  <ul class=\"manitoba-intern-menu-grid\">\n            <li class=\"manitoba-intern-menu-grid-item\">\n                  <a href=\"https:\/\/france.dev-xefi.manitoba-preprod.fr\/fr\/decouvrir-xefi\/a-propos-de-nous\/ouvrir-une-franchise-xefi\/\" class=\"manitoba-intern-menu-item has-description\"\n         aria-labelledby=\"menu-title-0\"\n         aria-describedby=\"menu-desc-0\">\n                  <div class=\"manitoba-intern-menu-item-background\" style=\"background-image: url(https:\/\/france.dev-xefi.manitoba-preprod.fr\/wp-content\/uploads\/sites\/2\/2025\/07\/contacter-le-groupe-ouvrir-franchise-xefi-partenaire-informatique-des-tpe-pme-scaled.jpg);\" aria-hidden=\"true\"><\/div>\n          <div class=\"manitoba-intern-menu-item-overlay\">\n            <div class=\"manitoba-intern-menu-item-title-container\">\n              <h3 id=\"menu-title-0\" class=\"manitoba-intern-menu-item-title\">\n                <strong>Vous souhaitez devenir franchis\u00e9 XEFI<\/strong><\/h3>\n            <\/div>\n                        <div class=\"manitoba-intern-menu-item-description-container\">\n              <p id=\"menu-desc-0\" class=\"manitoba-intern-menu-item-description\">\n                Faites le choix de la performance et rejoignez notre r\u00e9seau !               <\/p>\n            <\/div>\n                      <\/div>\n                <\/a>\n          <\/li>\n        <li class=\"manitoba-intern-menu-grid-item\">\n                  <a href=\"https:\/\/academy.xefi.com\/\" class=\"manitoba-intern-menu-item has-description\" target=\"_blank\" rel=\"noopener noreferrer\" aria-labelledby=\"menu-title-1\" aria-describedby=\"menu-desc-1\">\n                  <div class=\"manitoba-intern-menu-item-background\" style=\"background-image: url(https:\/\/france.dev-xefi.manitoba-preprod.fr\/wp-content\/uploads\/sites\/2\/2025\/07\/contacter-le-groupe-formation-xefi-academy-ecole-it-alternance-xefi-partenaire-informatique-des-tpe-pme.png);\" aria-hidden=\"true\"><\/div>\n          <div class=\"manitoba-intern-menu-item-overlay\">\n            <div class=\"manitoba-intern-menu-item-title-container\">\n              <h3 id=\"menu-title-1\" class=\"manitoba-intern-menu-item-title\">\n                <strong>Vous cherchez une formation dans l\u2019IT<\/strong><\/h3>\n            <\/div>\n                        <div class=\"manitoba-intern-menu-item-description-container\">\n              <p id=\"menu-desc-1\" class=\"manitoba-intern-menu-item-description\">\n                Vous \u00eates passionn\u00e9s par les m\u00e9tiers du num\u00e9rique\u00a0? Int\u00e9grez notre formation en alternance au sein de la XEFI Academy\u00a0!\u00a0              <\/p>\n            <\/div>\n                      <\/div>\n                <\/a>\n          <\/li>\n        <li class=\"manitoba-intern-menu-grid-item\">\n                  <a href=\"https:\/\/carriere.xefi.fr\/\" class=\"manitoba-intern-menu-item has-description\" target=\"_blank\" rel=\"noopener noreferrer\" aria-labelledby=\"menu-title-2\" aria-describedby=\"menu-desc-2\">\n                  <div class=\"manitoba-intern-menu-item-background\" style=\"background-image: url(https:\/\/france.dev-xefi.manitoba-preprod.fr\/wp-content\/uploads\/sites\/2\/2025\/07\/contacter-le-groupe-carriere-travailler-chez-xefi-partenaire-informatique-des-tpe-pme-vf.png);\" aria-hidden=\"true\"><\/div>\n          <div class=\"manitoba-intern-menu-item-overlay\">\n            <div class=\"manitoba-intern-menu-item-title-container\">\n              <h3 id=\"menu-title-2\" class=\"manitoba-intern-menu-item-title\">\n                <strong>Vous souhaitez travailler chez XEFI<\/strong><\/h3>\n            <\/div>\n                        <div class=\"manitoba-intern-menu-item-description-container\">\n              <p id=\"menu-desc-2\" class=\"manitoba-intern-menu-item-description\">\n                Int\u00e9grez une entreprise ambitieuse, port\u00e9e par l&rsquo;esprit d&rsquo;\u00e9quipe !              <\/p>\n            <\/div>\n                      <\/div>\n                <\/a>\n          <\/li>\n        <li class=\"manitoba-intern-menu-grid-item\">\n                  <a href=\"#contact-store\" class=\"manitoba-intern-menu-item has-description\"\n         aria-labelledby=\"menu-title-3\"\n         aria-describedby=\"menu-desc-3\">\n                  <div class=\"manitoba-intern-menu-item-background\" style=\"background-image: url(https:\/\/france.dev-xefi.manitoba-preprod.fr\/wp-content\/uploads\/sites\/2\/2025\/07\/contacter-le-groupe-demande-de-devis-xefi-partenaire-informatique-des-tpe-et-pme.png);\" aria-hidden=\"true\"><\/div>\n          <div class=\"manitoba-intern-menu-item-overlay\">\n            <div class=\"manitoba-intern-menu-item-title-container\">\n              <h3 id=\"menu-title-3\" class=\"manitoba-intern-menu-item-title\">\n                <strong>Vous souhaitez faire une demande de devis<\/strong><\/h3>\n            <\/div>\n                        <div class=\"manitoba-intern-menu-item-description-container\">\n              <p id=\"menu-desc-3\" class=\"manitoba-intern-menu-item-description\">\n                Contactez-nous, nous reviendrons vers vous dans les meilleurs d\u00e9lais.              <\/p>\n            <\/div>\n                      <\/div>\n                <\/a>\n          <\/li>\n          <\/ul>\n<\/nav>\n<\/div>\n\n\n\n<div class=\"wp-block-group has-light-background-color has-background is-layout-constrained wp-container-core-group-is-layout-a47e864c wp-block-group-is-layout-constrained\" style=\"padding-top:var(--wp--preset--spacing--80);padding-right:var(--wp--preset--spacing--50);padding-bottom:var(--wp--preset--spacing--80);padding-left:var(--wp--preset--spacing--50)\">\n<h2 class=\"wp-block-heading has-text-align-center\">UNE AUTRE QUESTION&nbsp;?<mark class=\"has-inline-color has-primary-color\"> CONTACTEZ-NOUS&nbsp;!<\/mark><\/h2>\n\n\n\n<p class=\"has-text-align-center\" style=\"margin-bottom:var(--wp--preset--spacing--80)\">Notre \u00e9quipe est \u00e0 votre \u00e9coute pour r\u00e9pondre \u00e0 toutes vos demandes. <strong>Remplissez le formulaire ci-dessous, nous reviendrons vers vous rapidement.<\/strong><\/p>\n\n\n\n<div class=\"wp-block-group is-layout-constrained wp-container-core-group-is-layout-bea02a06 wp-block-group-is-layout-constrained\">\n<div class=\"wp-block-contact-form-7-contact-form-selector\">\n<div class=\"wpcf7 no-js\" id=\"wpcf7-f11813-o1\" lang=\"fr-FR\" dir=\"ltr\" data-wpcf7-id=\"11813\">\n<div class=\"screen-reader-response\"><p role=\"status\" aria-live=\"polite\" aria-atomic=\"true\"><\/p> <ul><\/ul><\/div>\n<form action=\"\/fr\/wp-json\/wp\/v2\/pages\/7227#wpcf7-f11813-o1\" method=\"post\" class=\"wpcf7-form init\" aria-label=\"Formulaire de contact\" novalidate=\"novalidate\" data-status=\"init\">\n<fieldset class=\"hidden-fields-container\"><input type=\"hidden\" name=\"_wpcf7\" value=\"11813\" \/><input type=\"hidden\" name=\"_wpcf7_version\" value=\"6.1.1\" \/><input type=\"hidden\" name=\"_wpcf7_locale\" value=\"fr_FR\" \/><input type=\"hidden\" name=\"_wpcf7_unit_tag\" value=\"wpcf7-f11813-o1\" \/><input type=\"hidden\" name=\"_wpcf7_container_post\" value=\"0\" \/><input type=\"hidden\" name=\"_wpcf7_posted_data_hash\" value=\"\" \/><input type=\"hidden\" name=\"_wpcf7cf_hidden_group_fields\" value=\"[]\" \/><input type=\"hidden\" name=\"_wpcf7cf_hidden_groups\" value=\"[]\" \/><input type=\"hidden\" name=\"_wpcf7cf_visible_groups\" value=\"[]\" \/><input type=\"hidden\" name=\"_wpcf7cf_repeaters\" value=\"[]\" \/><input type=\"hidden\" name=\"_wpcf7cf_steps\" value=\"{}\" \/><input type=\"hidden\" name=\"_wpcf7cf_options\" value=\"{&quot;form_id&quot;:11813,&quot;conditions&quot;:[{&quot;then_field&quot;:&quot;-1&quot;,&quot;and_rules&quot;:[{&quot;if_field&quot;:&quot;-1&quot;,&quot;operator&quot;:&quot;equals&quot;,&quot;if_value&quot;:&quot;&quot;}]}],&quot;settings&quot;:{&quot;animation&quot;:&quot;yes&quot;,&quot;animation_intime&quot;:200,&quot;animation_outtime&quot;:200,&quot;conditions_ui&quot;:&quot;normal&quot;,&quot;notice_dismissed&quot;:false,&quot;notice_dismissed_update-cf7-6.1.5&quot;:true}}\" \/>\n<\/fieldset>\n<div class=\"form-wrapper\">\n\t<div class=\"form-field field-w70\">\n\t\t<p><label>Votre demande concerne*<\/label><br \/>\n<span class=\"wpcf7-form-control-wrap\" data-name=\"select-request\"><select class=\"wpcf7-form-control wpcf7-select wpcf7-validates-as-required\" aria-required=\"true\" aria-invalid=\"false\" name=\"select-request\"><option value=\"\">S\u00e9lectionner une option<\/option><option value=\"M\u00e9c\u00e9nat \/ sponsoring\">M\u00e9c\u00e9nat \/ sponsoring<\/option><option value=\"Offre de service \/ partenariat\">Offre de service \/ partenariat<\/option><option value=\"Presse\">Presse<\/option><option value=\"Demande de stage\">Demande de stage<\/option><\/select><\/span>\n\t\t<\/p>\n\t<\/div>\n\t<div class=\"form-field field-w50\">\n\t\t<p><label>Nom de soci\u00e9t\u00e9<\/label><br \/>\n<span class=\"wpcf7-form-control-wrap\" data-name=\"input-company\"><input size=\"40\" maxlength=\"400\" class=\"wpcf7-form-control wpcf7-text\" aria-invalid=\"false\" placeholder=\"Ex : XEFI\" value=\"\" type=\"text\" name=\"input-company\" \/><\/span>\n\t\t<\/p>\n\t<\/div>\n\t<div class=\"form-field field-w30\">\n\t\t<p><label>Code postal*<\/label><br \/>\n<span class=\"wpcf7-form-control-wrap\" data-name=\"input-postalcode\"><input size=\"40\" maxlength=\"400\" class=\"wpcf7-form-control wpcf7-text wpcf7-validates-as-required\" aria-required=\"true\" aria-invalid=\"false\" placeholder=\"Ex : 92200\" value=\"\" type=\"text\" name=\"input-postalcode\" \/><\/span>\n\t\t<\/p>\n\t<\/div>\n\t<div class=\"form-field field-w30\">\n\t\t<p><label>Nom*<\/label><br \/>\n<span class=\"wpcf7-form-control-wrap\" data-name=\"input-lastname\"><input size=\"40\" maxlength=\"400\" class=\"wpcf7-form-control wpcf7-text wpcf7-validates-as-required\" aria-required=\"true\" aria-invalid=\"false\" placeholder=\"Ex : Dupont\" value=\"\" type=\"text\" name=\"input-lastname\" \/><\/span>\n\t\t<\/p>\n\t<\/div>\n\t<div class=\"form-field field-w30\">\n\t\t<p><label>Pr\u00e9nom*<\/label><br \/>\n<span class=\"wpcf7-form-control-wrap\" data-name=\"input-firstname\"><input size=\"40\" maxlength=\"400\" class=\"wpcf7-form-control wpcf7-text wpcf7-validates-as-required\" aria-required=\"true\" aria-invalid=\"false\" placeholder=\"Ex : Nicolas\" value=\"\" type=\"text\" name=\"input-firstname\" \/><\/span>\n\t\t<\/p>\n\t<\/div>\n\t<div class=\"form-field field-w50\">\n\t\t<p><label>Email*<\/label><br \/>\n<span class=\"wpcf7-form-control-wrap\" data-name=\"input-email\"><input size=\"40\" maxlength=\"400\" class=\"wpcf7-form-control wpcf7-email wpcf7-validates-as-required wpcf7-text wpcf7-validates-as-email\" aria-required=\"true\" aria-invalid=\"false\" placeholder=\"Ex : contact@xefi.com\" value=\"\" type=\"email\" name=\"input-email\" \/><\/span>\n\t\t<\/p>\n\t<\/div>\n\t<div class=\"form-field field-w30\">\n\t\t<p><label>N\u00b0 de t\u00e9l\u00e9phone*<\/label><br \/>\n<span class=\"wpcf7-form-control-wrap\" data-name=\"input-phone\"><input size=\"40\" maxlength=\"400\" class=\"wpcf7-form-control wpcf7-tel wpcf7-validates-as-required wpcf7-text wpcf7-validates-as-tel\" aria-required=\"true\" aria-invalid=\"false\" placeholder=\"Ex : 06 95 57 67 24\" value=\"\" type=\"tel\" name=\"input-phone\" \/><\/span>\n\t\t<\/p>\n\t<\/div>\n\t<div class=\"form-field field-w100\">\n\t\t<p><label>Votre message*<\/label><br \/>\n<span class=\"wpcf7-form-control-wrap\" data-name=\"textarea-message\"><textarea cols=\"40\" rows=\"10\" maxlength=\"2000\" class=\"wpcf7-form-control wpcf7-textarea wpcf7-validates-as-required\" aria-required=\"true\" aria-invalid=\"false\" placeholder=\"Ex : Je cherche un conseil \u00e0 propos de...\" name=\"textarea-message\"><\/textarea><\/span>\n\t\t<\/p>\n\t<\/div>\n<\/div>\n<p><span class=\"wpcf7-form-control-wrap\" data-name=\"input-acceptance\"><span class=\"wpcf7-form-control wpcf7-acceptance\"><span class=\"wpcf7-list-item\"><label><input type=\"checkbox\" name=\"input-acceptance\" value=\"1\" aria-invalid=\"false\" \/><span class=\"wpcf7-list-item-label\">En soumettant ce formulaire, j\u2019accepte que XEFI traite mes donn\u00e9es (nom, email, t\u00e9l\u00e9phone\u2026) pour me recontacter \u00e0 des fins de r\u00e9ponses et de proposition \u00e0 propos de ses produits et services. J\u2019ai le droit d\u2019acc\u00e8s, de rectification, d\u2019effacement, de portabilit\u00e9, d\u2019opposition, de limitation et de retrait, que je peux exercer via dpo@xefi.fr ou aupr\u00e8s de la CNIL.<\/span><\/label><\/span><\/span><\/span>\n<\/p>\n<p><small>Pour en savoir plus sur la gestion de vos donn\u00e9es et vos droits, consultez notre <a href=\"\/fr\/politique-de-confidentialite-cookies\/\">politique de confidentialit\u00e9<\/a>.<\/small>\n<\/p>\n<p><small>*champs obligatoires<\/small>\n<\/p>\n<p><button type=\"submit\">Envoyer ma demande<\/button>\n<\/p><div class=\"wpcf7-response-output\" aria-hidden=\"true\"><\/div>\n<\/form>\n<\/div>\n<\/div>\n<\/div>\n<\/div>\n\n\n\n<p><\/p>\n","protected":false},"excerpt":{"rendered":"<p>UNE AUTRE QUESTION&nbsp;? CONTACTEZ-NOUS&nbsp;! Notre \u00e9quipe est \u00e0 votre \u00e9coute pour r\u00e9pondre \u00e0 toutes vos demandes. Remplissez le formulaire ci-dessous, nous reviendrons vers vous rapidement.<\/p>\n","protected":false},"author":1,"featured_media":0,"parent":145,"menu_order":56,"comment_status":"closed","ping_status":"closed","template":"","meta":{"_acf_changed":false,"footnotes":""},"class_list":["post-7227","page","type-page","status-publish","hentry","page_location-menu-mobile","page_location-menu-secondaire","page_location-page-de-contact"],"acf":[],"_links":{"self":[{"href":"https:\/\/france.dev-xefi.manitoba-preprod.fr\/fr\/wp-json\/wp\/v2\/pages\/7227","targetHints":{"allow":["GET"]}}],"collection":[{"href":"https:\/\/france.dev-xefi.manitoba-preprod.fr\/fr\/wp-json\/wp\/v2\/pages"}],"about":[{"href":"https:\/\/france.dev-xefi.manitoba-preprod.fr\/fr\/wp-json\/wp\/v2\/types\/page"}],"author":[{"embeddable":true,"href":"https:\/\/france.dev-xefi.manitoba-preprod.fr\/fr\/wp-json\/wp\/v2\/users\/1"}],"replies":[{"embeddable":true,"href":"https:\/\/france.dev-xefi.manitoba-preprod.fr\/fr\/wp-json\/wp\/v2\/comments?post=7227"}],"version-history":[{"count":25,"href":"https:\/\/france.dev-xefi.manitoba-preprod.fr\/fr\/wp-json\/wp\/v2\/pages\/7227\/revisions"}],"predecessor-version":[{"id":11814,"href":"https:\/\/france.dev-xefi.manitoba-preprod.fr\/fr\/wp-json\/wp\/v2\/pages\/7227\/revisions\/11814"}],"up":[{"embeddable":true,"href":"https:\/\/france.dev-xefi.manitoba-preprod.fr\/fr\/wp-json\/wp\/v2\/pages\/145"}],"wp:attachment":[{"href":"https:\/\/france.dev-xefi.manitoba-preprod.fr\/fr\/wp-json\/wp\/v2\/media?parent=7227"}],"curies":[{"name":"wp","href":"https:\/\/api.w.org\/{rel}","templated":true}]}}